{"id":66,"date":"2023-07-23T19:09:28","date_gmt":"2023-07-23T17:09:28","guid":{"rendered":"https:\/\/marchesprix.fr\/?page_id=66"},"modified":"2023-12-13T16:14:29","modified_gmt":"2023-12-13T15:14:29","slug":"3eme-page","status":"publish","type":"page","link":"https:\/\/marchesprix.fr\/index.php\/3eme-page\/","title":{"rendered":"No\u00ebl 2022"},"content":{"rendered":"\n<div class=\"wp-block-group\"><div class=\"wp-block-group__inner-container is-layout-flow wp-block-group-is-layout-flow\">\n<h2 class=\"wp-block-heading\">Go\u00fbter de No\u00ebl le 8 d\u00e9c.   Anniversaire des septantenaires<\/h2>\n<\/div><\/div>\n\n\n\n<div class=\"wp-block-group\"><div class=\"wp-block-group__inner-container is-layout-flow wp-block-group-is-layout-flow\">\n<figure class=\"wp-block-gallery has-nested-images columns-default is-cropped wp-block-gallery-1 is-layout-flex wp-block-gallery-is-layout-flex\">\n<figure class=\"wp-block-image size-large\"><a href=\"https:\/\/marchesprix.fr\/wp-content\/uploads\/2023\/07\/27a342dfc2170bfb16722890f3f37552.jpg\"><img loading=\"lazy\" decoding=\"async\" width=\"1024\" height=\"768\" data-id=\"303\" src=\"https:\/\/marchesprix.fr\/wp-content\/uploads\/2023\/07\/27a342dfc2170bfb16722890f3f37552-1024x768.jpg\" alt=\"\" class=\"wp-image-303\" srcset=\"https:\/\/marchesprix.fr\/wp-content\/uploads\/2023\/07\/27a342dfc2170bfb16722890f3f37552-1024x768.jpg 1024w, https:\/\/marchesprix.fr\/wp-content\/uploads\/2023\/07\/27a342dfc2170bfb16722890f3f37552-300x225.jpg 300w, https:\/\/marchesprix.fr\/wp-content\/uploads\/2023\/07\/27a342dfc2170bfb16722890f3f37552-768x576.jpg 768w, https:\/\/marchesprix.fr\/wp-content\/uploads\/2023\/07\/27a342dfc2170bfb16722890f3f37552-1536x1152.jpg 1536w, https:\/\/marchesprix.fr\/wp-content\/uploads\/2023\/07\/27a342dfc2170bfb16722890f3f37552.jpg 1900w\" sizes=\"auto, (max-width: 1024px) 100vw, 1024px\" \/><\/a><\/figure>\n\n\n\n<figure class=\"wp-block-image size-large\"><a href=\"https:\/\/marchesprix.fr\/wp-content\/uploads\/2023\/07\/3ec3bd815d4b16487af7334dc8489918.jpg\"><img loading=\"lazy\" decoding=\"async\" width=\"1024\" height=\"768\" data-id=\"302\" src=\"https:\/\/marchesprix.fr\/wp-content\/uploads\/2023\/07\/3ec3bd815d4b16487af7334dc8489918-1024x768.jpg\" alt=\"\" class=\"wp-image-302\" srcset=\"https:\/\/marchesprix.fr\/wp-content\/uploads\/2023\/07\/3ec3bd815d4b16487af7334dc8489918-1024x768.jpg 1024w, https:\/\/marchesprix.fr\/wp-content\/uploads\/2023\/07\/3ec3bd815d4b16487af7334dc8489918-300x225.jpg 300w, https:\/\/marchesprix.fr\/wp-content\/uploads\/2023\/07\/3ec3bd815d4b16487af7334dc8489918-768x576.jpg 768w, https:\/\/marchesprix.fr\/wp-content\/uploads\/2023\/07\/3ec3bd815d4b16487af7334dc8489918-1536x1152.jpg 1536w, https:\/\/marchesprix.fr\/wp-content\/uploads\/2023\/07\/3ec3bd815d4b16487af7334dc8489918.jpg 1900w\" sizes=\"auto, (max-width: 1024px) 100vw, 1024px\" \/><\/a><\/figure>\n\n\n\n<figure class=\"wp-block-image size-large\"><a href=\"https:\/\/marchesprix.fr\/wp-content\/uploads\/2023\/07\/b5006c6a944fada039fd7046b1a23d18.jpg\"><img loading=\"lazy\" decoding=\"async\" width=\"1024\" height=\"768\" data-id=\"301\" src=\"https:\/\/marchesprix.fr\/wp-content\/uploads\/2023\/07\/b5006c6a944fada039fd7046b1a23d18-1024x768.jpg\" alt=\"\" class=\"wp-image-301\" srcset=\"https:\/\/marchesprix.fr\/wp-content\/uploads\/2023\/07\/b5006c6a944fada039fd7046b1a23d18-1024x768.jpg 1024w, https:\/\/marchesprix.fr\/wp-content\/uploads\/2023\/07\/b5006c6a944fada039fd7046b1a23d18-300x225.jpg 300w, https:\/\/marchesprix.fr\/wp-content\/uploads\/2023\/07\/b5006c6a944fada039fd7046b1a23d18-768x576.jpg 768w, https:\/\/marchesprix.fr\/wp-content\/uploads\/2023\/07\/b5006c6a944fada039fd7046b1a23d18-1536x1152.jpg 1536w, https:\/\/marchesprix.fr\/wp-content\/uploads\/2023\/07\/b5006c6a944fada039fd7046b1a23d18.jpg 1900w\" sizes=\"auto, (max-width: 1024px) 100vw, 1024px\" \/><\/a><\/figure>\n\n\n\n<figure class=\"wp-block-image size-large\"><a href=\"https:\/\/marchesprix.fr\/wp-content\/uploads\/2023\/07\/b0dbdb875194b20e178728e76fa1dacc.jpg\"><img loading=\"lazy\" decoding=\"async\" width=\"1024\" height=\"768\" data-id=\"300\" src=\"https:\/\/marchesprix.fr\/wp-content\/uploads\/2023\/07\/b0dbdb875194b20e178728e76fa1dacc-1024x768.jpg\" alt=\"\" class=\"wp-image-300\" srcset=\"https:\/\/marchesprix.fr\/wp-content\/uploads\/2023\/07\/b0dbdb875194b20e178728e76fa1dacc-1024x768.jpg 1024w, https:\/\/marchesprix.fr\/wp-content\/uploads\/2023\/07\/b0dbdb875194b20e178728e76fa1dacc-300x225.jpg 300w, https:\/\/marchesprix.fr\/wp-content\/uploads\/2023\/07\/b0dbdb875194b20e178728e76fa1dacc-768x576.jpg 768w, https:\/\/marchesprix.fr\/wp-content\/uploads\/2023\/07\/b0dbdb875194b20e178728e76fa1dacc-1536x1152.jpg 1536w, https:\/\/marchesprix.fr\/wp-content\/uploads\/2023\/07\/b0dbdb875194b20e178728e76fa1dacc.jpg 1900w\" sizes=\"auto, (max-width: 1024px) 100vw, 1024px\" \/><\/a><\/figure>\n\n\n\n<figure class=\"wp-block-image size-large\"><a href=\"https:\/\/marchesprix.fr\/wp-content\/uploads\/2023\/07\/10023dc723ced6d820ec9f6092d4ce0a.jpg\"><img loading=\"lazy\" decoding=\"async\" width=\"1024\" height=\"768\" data-id=\"299\" src=\"https:\/\/marchesprix.fr\/wp-content\/uploads\/2023\/07\/10023dc723ced6d820ec9f6092d4ce0a-1024x768.jpg\" alt=\"\" class=\"wp-image-299\" srcset=\"https:\/\/marchesprix.fr\/wp-content\/uploads\/2023\/07\/10023dc723ced6d820ec9f6092d4ce0a-1024x768.jpg 1024w, https:\/\/marchesprix.fr\/wp-content\/uploads\/2023\/07\/10023dc723ced6d820ec9f6092d4ce0a-300x225.jpg 300w, https:\/\/marchesprix.fr\/wp-content\/uploads\/2023\/07\/10023dc723ced6d820ec9f6092d4ce0a-768x576.jpg 768w, https:\/\/marchesprix.fr\/wp-content\/uploads\/2023\/07\/10023dc723ced6d820ec9f6092d4ce0a-1536x1152.jpg 1536w, https:\/\/marchesprix.fr\/wp-content\/uploads\/2023\/07\/10023dc723ced6d820ec9f6092d4ce0a.jpg 1900w\" sizes=\"auto, (max-width: 1024px) 100vw, 1024px\" \/><\/a><\/figure>\n\n\n\n<figure class=\"wp-block-image size-large\"><a href=\"https:\/\/marchesprix.fr\/wp-content\/uploads\/2023\/07\/7c6ad126806f959dc2565790fc68324e.jpg\"><img loading=\"lazy\" decoding=\"async\" width=\"1024\" height=\"768\" data-id=\"298\" src=\"https:\/\/marchesprix.fr\/wp-content\/uploads\/2023\/07\/7c6ad126806f959dc2565790fc68324e-1024x768.jpg\" alt=\"\" class=\"wp-image-298\" srcset=\"https:\/\/marchesprix.fr\/wp-content\/uploads\/2023\/07\/7c6ad126806f959dc2565790fc68324e-1024x768.jpg 1024w, https:\/\/marchesprix.fr\/wp-content\/uploads\/2023\/07\/7c6ad126806f959dc2565790fc68324e-300x225.jpg 300w, https:\/\/marchesprix.fr\/wp-content\/uploads\/2023\/07\/7c6ad126806f959dc2565790fc68324e-768x576.jpg 768w, https:\/\/marchesprix.fr\/wp-content\/uploads\/2023\/07\/7c6ad126806f959dc2565790fc68324e-1536x1152.jpg 1536w, https:\/\/marchesprix.fr\/wp-content\/uploads\/2023\/07\/7c6ad126806f959dc2565790fc68324e.jpg 1900w\" sizes=\"auto, (max-width: 1024px) 100vw, 1024px\" \/><\/a><\/figure>\n\n\n\n<figure class=\"wp-block-image size-large\"><a href=\"https:\/\/marchesprix.fr\/wp-content\/uploads\/2023\/07\/8a1471a1b204e256a59cde375791da5e.jpg\"><img loading=\"lazy\" decoding=\"async\" width=\"1024\" height=\"768\" data-id=\"297\" src=\"https:\/\/marchesprix.fr\/wp-content\/uploads\/2023\/07\/8a1471a1b204e256a59cde375791da5e-1024x768.jpg\" alt=\"\" class=\"wp-image-297\" srcset=\"https:\/\/marchesprix.fr\/wp-content\/uploads\/2023\/07\/8a1471a1b204e256a59cde375791da5e-1024x768.jpg 1024w, https:\/\/marchesprix.fr\/wp-content\/uploads\/2023\/07\/8a1471a1b204e256a59cde375791da5e-300x225.jpg 300w, https:\/\/marchesprix.fr\/wp-content\/uploads\/2023\/07\/8a1471a1b204e256a59cde375791da5e-768x576.jpg 768w, https:\/\/marchesprix.fr\/wp-content\/uploads\/2023\/07\/8a1471a1b204e256a59cde375791da5e-1536x1152.jpg 1536w, https:\/\/marchesprix.fr\/wp-content\/uploads\/2023\/07\/8a1471a1b204e256a59cde375791da5e.jpg 1900w\" sizes=\"auto, (max-width: 1024px) 100vw, 1024px\" \/><\/a><\/figure>\n\n\n\n<figure class=\"wp-block-image size-large\"><a href=\"https:\/\/marchesprix.fr\/wp-content\/uploads\/2023\/07\/42503ce7d700dad8c13ca80836ce231c.jpg\"><img loading=\"lazy\" decoding=\"async\" width=\"1024\" height=\"768\" data-id=\"296\" src=\"https:\/\/marchesprix.fr\/wp-content\/uploads\/2023\/07\/42503ce7d700dad8c13ca80836ce231c-1024x768.jpg\" alt=\"\" class=\"wp-image-296\" srcset=\"https:\/\/marchesprix.fr\/wp-content\/uploads\/2023\/07\/42503ce7d700dad8c13ca80836ce231c-1024x768.jpg 1024w, https:\/\/marchesprix.fr\/wp-content\/uploads\/2023\/07\/42503ce7d700dad8c13ca80836ce231c-300x225.jpg 300w, https:\/\/marchesprix.fr\/wp-content\/uploads\/2023\/07\/42503ce7d700dad8c13ca80836ce231c-768x576.jpg 768w, https:\/\/marchesprix.fr\/wp-content\/uploads\/2023\/07\/42503ce7d700dad8c13ca80836ce231c-1536x1152.jpg 1536w, https:\/\/marchesprix.fr\/wp-content\/uploads\/2023\/07\/42503ce7d700dad8c13ca80836ce231c.jpg 1900w\" sizes=\"auto, (max-width: 1024px) 100vw, 1024px\" \/><\/a><\/figure>\n\n\n\n<figure class=\"wp-block-image size-large\"><a href=\"https:\/\/marchesprix.fr\/wp-content\/uploads\/2023\/07\/5b32180e619d2a8f01041b0f1ead9db7.jpg\"><img loading=\"lazy\" decoding=\"async\" width=\"1024\" height=\"768\" data-id=\"295\" src=\"https:\/\/marchesprix.fr\/wp-content\/uploads\/2023\/07\/5b32180e619d2a8f01041b0f1ead9db7-1024x768.jpg\" alt=\"\" class=\"wp-image-295\" srcset=\"https:\/\/marchesprix.fr\/wp-content\/uploads\/2023\/07\/5b32180e619d2a8f01041b0f1ead9db7-1024x768.jpg 1024w, https:\/\/marchesprix.fr\/wp-content\/uploads\/2023\/07\/5b32180e619d2a8f01041b0f1ead9db7-300x225.jpg 300w, https:\/\/marchesprix.fr\/wp-content\/uploads\/2023\/07\/5b32180e619d2a8f01041b0f1ead9db7-768x576.jpg 768w, https:\/\/marchesprix.fr\/wp-content\/uploads\/2023\/07\/5b32180e619d2a8f01041b0f1ead9db7-1536x1152.jpg 1536w, https:\/\/marchesprix.fr\/wp-content\/uploads\/2023\/07\/5b32180e619d2a8f01041b0f1ead9db7.jpg 1900w\" sizes=\"auto, (max-width: 1024px) 100vw, 1024px\" \/><\/a><\/figure>\n\n\n\n<figure class=\"wp-block-image size-large\"><a href=\"https:\/\/marchesprix.fr\/wp-content\/uploads\/2023\/07\/96fb5efc216560ec403beff5cc8a01e6.jpg\"><img loading=\"lazy\" decoding=\"async\" width=\"1024\" height=\"768\" data-id=\"294\" src=\"https:\/\/marchesprix.fr\/wp-content\/uploads\/2023\/07\/96fb5efc216560ec403beff5cc8a01e6-1024x768.jpg\" alt=\"\" class=\"wp-image-294\" srcset=\"https:\/\/marchesprix.fr\/wp-content\/uploads\/2023\/07\/96fb5efc216560ec403beff5cc8a01e6-1024x768.jpg 1024w, https:\/\/marchesprix.fr\/wp-content\/uploads\/2023\/07\/96fb5efc216560ec403beff5cc8a01e6-300x225.jpg 300w, https:\/\/marchesprix.fr\/wp-content\/uploads\/2023\/07\/96fb5efc216560ec403beff5cc8a01e6-768x576.jpg 768w, https:\/\/marchesprix.fr\/wp-content\/uploads\/2023\/07\/96fb5efc216560ec403beff5cc8a01e6-1536x1152.jpg 1536w, https:\/\/marchesprix.fr\/wp-content\/uploads\/2023\/07\/96fb5efc216560ec403beff5cc8a01e6.jpg 1900w\" sizes=\"auto, (max-width: 1024px) 100vw, 1024px\" \/><\/a><\/figure>\n\n\n\n<figure class=\"wp-block-image size-large\"><a href=\"https:\/\/marchesprix.fr\/wp-content\/uploads\/2023\/07\/ef1231f308c12079c9e8c79dc5455f8c.jpg\"><img loading=\"lazy\" decoding=\"async\" width=\"1024\" height=\"768\" data-id=\"293\" src=\"https:\/\/marchesprix.fr\/wp-content\/uploads\/2023\/07\/ef1231f308c12079c9e8c79dc5455f8c-1024x768.jpg\" alt=\"\" class=\"wp-image-293\" srcset=\"https:\/\/marchesprix.fr\/wp-content\/uploads\/2023\/07\/ef1231f308c12079c9e8c79dc5455f8c-1024x768.jpg 1024w, https:\/\/marchesprix.fr\/wp-content\/uploads\/2023\/07\/ef1231f308c12079c9e8c79dc5455f8c-300x225.jpg 300w, https:\/\/marchesprix.fr\/wp-content\/uploads\/2023\/07\/ef1231f308c12079c9e8c79dc5455f8c-768x576.jpg 768w, https:\/\/marchesprix.fr\/wp-content\/uploads\/2023\/07\/ef1231f308c12079c9e8c79dc5455f8c-1536x1152.jpg 1536w, https:\/\/marchesprix.fr\/wp-content\/uploads\/2023\/07\/ef1231f308c12079c9e8c79dc5455f8c.jpg 1900w\" sizes=\"auto, (max-width: 1024px) 100vw, 1024px\" \/><\/a><\/figure>\n\n\n\n<figure class=\"wp-block-image size-large\"><a href=\"https:\/\/marchesprix.fr\/wp-content\/uploads\/2023\/07\/5b1eb021bb7fee239e1667e5ccbd7d14.jpg\"><img loading=\"lazy\" decoding=\"async\" width=\"1024\" height=\"768\" data-id=\"292\" src=\"https:\/\/marchesprix.fr\/wp-content\/uploads\/2023\/07\/5b1eb021bb7fee239e1667e5ccbd7d14-1024x768.jpg\" alt=\"\" class=\"wp-image-292\" srcset=\"https:\/\/marchesprix.fr\/wp-content\/uploads\/2023\/07\/5b1eb021bb7fee239e1667e5ccbd7d14-1024x768.jpg 1024w, https:\/\/marchesprix.fr\/wp-content\/uploads\/2023\/07\/5b1eb021bb7fee239e1667e5ccbd7d14-300x225.jpg 300w, https:\/\/marchesprix.fr\/wp-content\/uploads\/2023\/07\/5b1eb021bb7fee239e1667e5ccbd7d14-768x576.jpg 768w, https:\/\/marchesprix.fr\/wp-content\/uploads\/2023\/07\/5b1eb021bb7fee239e1667e5ccbd7d14-1536x1152.jpg 1536w, https:\/\/marchesprix.fr\/wp-content\/uploads\/2023\/07\/5b1eb021bb7fee239e1667e5ccbd7d14.jpg 1900w\" sizes=\"auto, (max-width: 1024px) 100vw, 1024px\" \/><\/a><\/figure>\n\n\n\n<figure class=\"wp-block-image size-large\"><a href=\"https:\/\/marchesprix.fr\/wp-content\/uploads\/2023\/07\/0155a36f3375dbfd159d38296a561aab.jpg\"><img loading=\"lazy\" decoding=\"async\" width=\"1024\" height=\"768\" data-id=\"291\" src=\"https:\/\/marchesprix.fr\/wp-content\/uploads\/2023\/07\/0155a36f3375dbfd159d38296a561aab-1024x768.jpg\" alt=\"\" class=\"wp-image-291\" srcset=\"https:\/\/marchesprix.fr\/wp-content\/uploads\/2023\/07\/0155a36f3375dbfd159d38296a561aab-1024x768.jpg 1024w, https:\/\/marchesprix.fr\/wp-content\/uploads\/2023\/07\/0155a36f3375dbfd159d38296a561aab-300x225.jpg 300w, https:\/\/marchesprix.fr\/wp-content\/uploads\/2023\/07\/0155a36f3375dbfd159d38296a561aab-768x576.jpg 768w, https:\/\/marchesprix.fr\/wp-content\/uploads\/2023\/07\/0155a36f3375dbfd159d38296a561aab-1536x1152.jpg 1536w, https:\/\/marchesprix.fr\/wp-content\/uploads\/2023\/07\/0155a36f3375dbfd159d38296a561aab.jpg 1900w\" sizes=\"auto, (max-width: 1024px) 100vw, 1024px\" \/><\/a><\/figure>\n\n\n\n<figure class=\"wp-block-image size-large\"><a href=\"https:\/\/marchesprix.fr\/wp-content\/uploads\/2023\/07\/58bc4b8ea95355961af0faa8b04e3dab.jpg\"><img loading=\"lazy\" decoding=\"async\" width=\"1024\" height=\"768\" data-id=\"290\" src=\"https:\/\/marchesprix.fr\/wp-content\/uploads\/2023\/07\/58bc4b8ea95355961af0faa8b04e3dab-1024x768.jpg\" alt=\"\" class=\"wp-image-290\" srcset=\"https:\/\/marchesprix.fr\/wp-content\/uploads\/2023\/07\/58bc4b8ea95355961af0faa8b04e3dab-1024x768.jpg 1024w, https:\/\/marchesprix.fr\/wp-content\/uploads\/2023\/07\/58bc4b8ea95355961af0faa8b04e3dab-300x225.jpg 300w, https:\/\/marchesprix.fr\/wp-content\/uploads\/2023\/07\/58bc4b8ea95355961af0faa8b04e3dab-768x576.jpg 768w, https:\/\/marchesprix.fr\/wp-content\/uploads\/2023\/07\/58bc4b8ea95355961af0faa8b04e3dab-1536x1152.jpg 1536w, https:\/\/marchesprix.fr\/wp-content\/uploads\/2023\/07\/58bc4b8ea95355961af0faa8b04e3dab.jpg 1900w\" sizes=\"auto, (max-width: 1024px) 100vw, 1024px\" \/><\/a><\/figure>\n\n\n\n<figure class=\"wp-block-image size-large\"><a href=\"https:\/\/marchesprix.fr\/wp-content\/uploads\/2023\/07\/540e6e43ebc21d225170663e599a3766.jpg\"><img loading=\"lazy\" decoding=\"async\" width=\"1024\" height=\"768\" data-id=\"289\" src=\"https:\/\/marchesprix.fr\/wp-content\/uploads\/2023\/07\/540e6e43ebc21d225170663e599a3766-1024x768.jpg\" alt=\"\" class=\"wp-image-289\" srcset=\"https:\/\/marchesprix.fr\/wp-content\/uploads\/2023\/07\/540e6e43ebc21d225170663e599a3766-1024x768.jpg 1024w, https:\/\/marchesprix.fr\/wp-content\/uploads\/2023\/07\/540e6e43ebc21d225170663e599a3766-300x225.jpg 300w, https:\/\/marchesprix.fr\/wp-content\/uploads\/2023\/07\/540e6e43ebc21d225170663e599a3766-768x576.jpg 768w, https:\/\/marchesprix.fr\/wp-content\/uploads\/2023\/07\/540e6e43ebc21d225170663e599a3766-1536x1152.jpg 1536w, https:\/\/marchesprix.fr\/wp-content\/uploads\/2023\/07\/540e6e43ebc21d225170663e599a3766.jpg 1900w\" sizes=\"auto, (max-width: 1024px) 100vw, 1024px\" \/><\/a><\/figure>\n\n\n\n<figure class=\"wp-block-image size-large\"><a href=\"https:\/\/marchesprix.fr\/wp-content\/uploads\/2023\/07\/ce06f89f23450871470db34f4c14c951.jpg\"><img loading=\"lazy\" decoding=\"async\" width=\"1024\" height=\"768\" data-id=\"288\" src=\"https:\/\/marchesprix.fr\/wp-content\/uploads\/2023\/07\/ce06f89f23450871470db34f4c14c951-1024x768.jpg\" alt=\"\" class=\"wp-image-288\" srcset=\"https:\/\/marchesprix.fr\/wp-content\/uploads\/2023\/07\/ce06f89f23450871470db34f4c14c951-1024x768.jpg 1024w, https:\/\/marchesprix.fr\/wp-content\/uploads\/2023\/07\/ce06f89f23450871470db34f4c14c951-300x225.jpg 300w, https:\/\/marchesprix.fr\/wp-content\/uploads\/2023\/07\/ce06f89f23450871470db34f4c14c951-768x576.jpg 768w, https:\/\/marchesprix.fr\/wp-content\/uploads\/2023\/07\/ce06f89f23450871470db34f4c14c951-1536x1152.jpg 1536w, https:\/\/marchesprix.fr\/wp-content\/uploads\/2023\/07\/ce06f89f23450871470db34f4c14c951.jpg 1900w\" sizes=\"auto, (max-width: 1024px) 100vw, 1024px\" \/><\/a><\/figure>\n\n\n\n<figure class=\"wp-block-image size-large\"><a href=\"https:\/\/marchesprix.fr\/wp-content\/uploads\/2023\/07\/38d888479c1dd6434a54476ba23e0969.jpg\"><img loading=\"lazy\" decoding=\"async\" width=\"1024\" height=\"768\" data-id=\"287\" src=\"https:\/\/marchesprix.fr\/wp-content\/uploads\/2023\/07\/38d888479c1dd6434a54476ba23e0969-1024x768.jpg\" alt=\"\" class=\"wp-image-287\" srcset=\"https:\/\/marchesprix.fr\/wp-content\/uploads\/2023\/07\/38d888479c1dd6434a54476ba23e0969-1024x768.jpg 1024w, https:\/\/marchesprix.fr\/wp-content\/uploads\/2023\/07\/38d888479c1dd6434a54476ba23e0969-300x225.jpg 300w, https:\/\/marchesprix.fr\/wp-content\/uploads\/2023\/07\/38d888479c1dd6434a54476ba23e0969-768x576.jpg 768w, https:\/\/marchesprix.fr\/wp-content\/uploads\/2023\/07\/38d888479c1dd6434a54476ba23e0969-1536x1152.jpg 1536w, https:\/\/marchesprix.fr\/wp-content\/uploads\/2023\/07\/38d888479c1dd6434a54476ba23e0969.jpg 1900w\" sizes=\"auto, (max-width: 1024px) 100vw, 1024px\" \/><\/a><\/figure>\n\n\n\n<figure class=\"wp-block-image size-large\"><a href=\"https:\/\/marchesprix.fr\/wp-content\/uploads\/2023\/07\/f0a834e07347be85935a60bf73f6cf7e.jpg\"><img loading=\"lazy\" decoding=\"async\" width=\"1024\" height=\"768\" data-id=\"285\" src=\"https:\/\/marchesprix.fr\/wp-content\/uploads\/2023\/07\/f0a834e07347be85935a60bf73f6cf7e-1024x768.jpg\" alt=\"\" class=\"wp-image-285\" srcset=\"https:\/\/marchesprix.fr\/wp-content\/uploads\/2023\/07\/f0a834e07347be85935a60bf73f6cf7e-1024x768.jpg 1024w, https:\/\/marchesprix.fr\/wp-content\/uploads\/2023\/07\/f0a834e07347be85935a60bf73f6cf7e-300x225.jpg 300w, https:\/\/marchesprix.fr\/wp-content\/uploads\/2023\/07\/f0a834e07347be85935a60bf73f6cf7e-768x576.jpg 768w, https:\/\/marchesprix.fr\/wp-content\/uploads\/2023\/07\/f0a834e07347be85935a60bf73f6cf7e-1536x1152.jpg 1536w, https:\/\/marchesprix.fr\/wp-content\/uploads\/2023\/07\/f0a834e07347be85935a60bf73f6cf7e.jpg 1900w\" sizes=\"auto, (max-width: 1024px) 100vw, 1024px\" \/><\/a><\/figure>\n<\/figure>\n<\/div><\/div>\n\n\n\n<figure class=\"wp-block-gallery has-nested-images columns-default is-cropped wp-block-gallery-2 is-layout-flex wp-block-gallery-is-layout-flex\">\n<figure class=\"wp-block-image size-large\"><a href=\"https:\/\/marchesprix.fr\/wp-content\/uploads\/2023\/07\/b3e60660b34f5e6b9d690352742660e3.jpg\"><img loading=\"lazy\" decoding=\"async\" width=\"1024\" height=\"768\" data-id=\"286\" src=\"https:\/\/marchesprix.fr\/wp-content\/uploads\/2023\/07\/b3e60660b34f5e6b9d690352742660e3-1024x768.jpg\" alt=\"\" class=\"wp-image-286\" srcset=\"https:\/\/marchesprix.fr\/wp-content\/uploads\/2023\/07\/b3e60660b34f5e6b9d690352742660e3-1024x768.jpg 1024w, https:\/\/marchesprix.fr\/wp-content\/uploads\/2023\/07\/b3e60660b34f5e6b9d690352742660e3-300x225.jpg 300w, https:\/\/marchesprix.fr\/wp-content\/uploads\/2023\/07\/b3e60660b34f5e6b9d690352742660e3-768x576.jpg 768w, https:\/\/marchesprix.fr\/wp-content\/uploads\/2023\/07\/b3e60660b34f5e6b9d690352742660e3-1536x1152.jpg 1536w, https:\/\/marchesprix.fr\/wp-content\/uploads\/2023\/07\/b3e60660b34f5e6b9d690352742660e3.jpg 1900w\" sizes=\"auto, (max-width: 1024px) 100vw, 1024px\" \/><\/a><\/figure>\n<\/figure>\n","protected":false},"excerpt":{"rendered":"<p>Go\u00fbter de No\u00ebl le 8 d\u00e9c. Anniversaire des septantenaires<\/p>\n","protected":false},"author":1,"featured_media":0,"parent":0,"menu_order":19,"comment_status":"closed","ping_status":"closed","template":"","meta":{"_kadence_starter_templates_imported_post":false,"_kad_post_transparent":"","_kad_post_title":"","_kad_post_layout":"","_kad_post_sidebar_id":"","_kad_post_content_style":"","_kad_post_vertical_padding":"","_kad_post_feature":"","_kad_post_feature_position":"","_kad_post_header":false,"_kad_post_footer":false,"_kad_post_classname":"","footnotes":""},"class_list":["post-66","page","type-page","status-publish","hentry"],"_links":{"self":[{"href":"https:\/\/marchesprix.fr\/index.php\/wp-json\/wp\/v2\/pages\/66","targetHints":{"allow":["GET"]}}],"collection":[{"href":"https:\/\/marchesprix.fr\/index.php\/wp-json\/wp\/v2\/pages"}],"about":[{"href":"https:\/\/marchesprix.fr\/index.php\/wp-json\/wp\/v2\/types\/page"}],"author":[{"embeddable":true,"href":"https:\/\/marchesprix.fr\/index.php\/wp-json\/wp\/v2\/users\/1"}],"replies":[{"embeddable":true,"href":"https:\/\/marchesprix.fr\/index.php\/wp-json\/wp\/v2\/comments?post=66"}],"version-history":[{"count":30,"href":"https:\/\/marchesprix.fr\/index.php\/wp-json\/wp\/v2\/pages\/66\/revisions"}],"predecessor-version":[{"id":305,"href":"https:\/\/marchesprix.fr\/index.php\/wp-json\/wp\/v2\/pages\/66\/revisions\/305"}],"wp:attachment":[{"href":"https:\/\/marchesprix.fr\/index.php\/wp-json\/wp\/v2\/media?parent=66"}],"curies":[{"name":"wp","href":"https:\/\/api.w.org\/{rel}","templated":true}]}}