{"id":94,"date":"2023-07-24T13:53:54","date_gmt":"2023-07-24T11:53:54","guid":{"rendered":"https:\/\/marchesprix.fr\/?page_id=94"},"modified":"2026-04-22T10:28:57","modified_gmt":"2026-04-22T08:28:57","slug":"bienvenue-a-tous","status":"publish","type":"page","link":"https:\/\/marchesprix.fr\/","title":{"rendered":"Bienvenue \u00e0 tous"},"content":{"rendered":"\n<figure class=\"wp-block-gallery has-nested-images columns-default is-cropped wp-block-gallery-1 is-layout-flex wp-block-gallery-is-layout-flex\">\n<figure class=\"wp-block-image size-large\"><a href=\"https:\/\/marchesprix.fr\/wp-content\/uploads\/2023\/07\/4389ef4114916c96950c204b22783849-1-edited.jpg\"><img loading=\"lazy\" decoding=\"async\" width=\"1024\" height=\"640\" data-id=\"98\" src=\"https:\/\/marchesprix.fr\/wp-content\/uploads\/2023\/07\/4389ef4114916c96950c204b22783849-1-edited-1024x640.jpg\" alt=\"\" class=\"wp-image-98\" srcset=\"https:\/\/marchesprix.fr\/wp-content\/uploads\/2023\/07\/4389ef4114916c96950c204b22783849-1-edited-1024x640.jpg 1024w, https:\/\/marchesprix.fr\/wp-content\/uploads\/2023\/07\/4389ef4114916c96950c204b22783849-1-edited-300x188.jpg 300w, https:\/\/marchesprix.fr\/wp-content\/uploads\/2023\/07\/4389ef4114916c96950c204b22783849-1-edited-768x480.jpg 768w, https:\/\/marchesprix.fr\/wp-content\/uploads\/2023\/07\/4389ef4114916c96950c204b22783849-1-edited-1536x960.jpg 1536w, https:\/\/marchesprix.fr\/wp-content\/uploads\/2023\/07\/4389ef4114916c96950c204b22783849-1-edited.jpg 1900w\" sizes=\"auto, (max-width: 1024px) 100vw, 1024px\" \/><\/a><\/figure>\n<\/figure>\n\n\n\n<p style=\"padding-top:0px;padding-right:0px;padding-bottom:0px;padding-left:0px\"><em><strong>Pour consulter le site du FEP  <a href=\"https:\/\/fep-plm.fr\" data-type=\"URL\" data-id=\"https:\/\/fep-plm.fr\"> <\/a><a href=\"https:\/\/fep-plm.fr\">https:\/\/fep-plm.fr<\/a><\/strong><\/em><\/p>\n\n\n\n<p style=\"padding-top:0px;padding-right:0px;padding-bottom:0px;padding-left:0px\"><strong><em>Pour envoyer un message \u00e0 l\u2019administrateur du site <a href=\"mailto:contact@marchesprix.fr\" data-type=\"mailto\" data-id=\"mailto:contact@marchesprix.fr\">contact@marchesprix.fr <\/a><\/em><\/strong><\/p>\n\n\n\n<p class=\"has-text-color has-link-color wp-elements-4f550891ef768e8d140fcfef5385e8b9\" style=\"color:#f31010;padding-top:0px;padding-right:0px;padding-bottom:0px;padding-left:0px\"><em><strong>Mise \u00e0 jour du 22 avril \u00e0 11h00.<\/strong><\/em><\/p>\n\n\n\n<div class=\"wp-block-group has-background is-vertical is-content-justification-stretch is-nowrap is-layout-flex wp-container-core-group-is-layout-37936256 wp-block-group-is-layout-flex\" style=\"background-color:#ebf7df\">\n<h2 class=\"wp-block-heading\">Randonn\u00e9es<\/h2>\n\n\n\n<p class=\"has-text-color has-link-color wp-elements-7e4d0bea210bbdc920dd9ee3ffb67aaf\" style=\"color:#fa0101;font-size:27px;font-style:normal;font-weight:800;text-decoration:underline\"><mark style=\"background-color:rgba(0, 0, 0, 0);color:#fa1302\" class=\"has-inline-color\"><strong>Pour les marches FEP le rendez-vous est fix\u00e9 \u00e0 13h30.<\/strong><\/mark><\/p>\n\n\n\n<p style=\"font-size:25px;font-style:normal;font-weight:800\"><mark style=\"background-color:rgba(0, 0, 0, 0);color:#fa1302\" class=\"has-inline-color\"><strong>Le d\u00e9part de la randonn\u00e9e est \u00e0 13h45 et les retardataires ne seront jamais attendus.<\/strong><\/mark><\/p>\n\n\n\n<p><strong><mark style=\"background-color:rgba(0, 0, 0, 0);color:#f11c1c\" class=\"has-inline-color\">Veuillez consulter le site r\u00e9guli\u00e8rement, les conditions m\u00e9t\u00e9o et la disponibilit\u00e9 peuvent changer rapidement. Ne vous rendez pas \u00e0 une marche sans avoir v\u00e9rifi\u00e9 si elle est maintenue<\/mark><\/strong><\/p>\n\n\n\n<p><strong>Jeudi 23 avril: Guignicourt par JCM. 11,2 km et 302 m de d\u00e9nivel\u00e9. Parking sur la place de l&rsquo;\u00e9glise . <a href=\"https:\/\/marchesprix.fr\/wp-content\/uploads\/2026\/04\/SityTrail-4013825-guignicourt-2024-Carte-et-profil-A4-Portrait.pdf\">Carte<\/a><\/strong> <strong><a href=\"https:\/\/marchesprix.fr\/wp-content\/uploads\/2026\/04\/SityTrail-4013825-guignicourt-2024.gpx\">GPS<\/a><\/strong><\/p>\n\n\n\n<p><strong>Mardi 28 avril: Laifour (circuit des rochers) par JCM. 13,4 km et 544 m de d\u00e9nivel\u00e9. Parking derri\u00e8re la gare (rue du Quartier). <a href=\"https:\/\/marchesprix.fr\/wp-content\/uploads\/2026\/04\/SityTrail-4035171-laifour-rocher-2024x04x30-Carte-et-profil-A4-Portrait.pdf\">Carte<\/a><\/strong> <strong><a href=\"https:\/\/marchesprix.fr\/wp-content\/uploads\/2026\/04\/SityTrail-4035171-laifour-rocher-2024x04x30.gpx\">GPS<\/a><\/strong><\/p>\n\n\n\n<p><strong>Jeudi 30 avril: Saint-AIgnan par JPT. 9,9 km et 276 m de d\u00e9nivel\u00e9. Parking au niveau du 2 rue de Bayonne, derri\u00e8re la mairie. <a href=\"https:\/\/marchesprix.fr\/wp-content\/uploads\/2026\/04\/SityTrail-4708768-st-aignan-2026-jeudi-Carte-et-profil-A4-Portrait.pdf\">Carte<\/a><\/strong> <strong><a href=\"https:\/\/marchesprix.fr\/wp-content\/uploads\/2026\/04\/SityTrail-4708768-st-aignan-2026-jeudi.gpx\">GPS<\/a><\/strong><\/p>\n<\/div>\n\n\n\n<p><\/p>\n\n\n\n<div class=\"wp-block-group has-background is-vertical is-content-justification-left is-layout-flex wp-container-core-group-is-layout-adc7e0b5 wp-block-group-is-layout-flex\" style=\"background-color:#f8e8e8\">\n<p class=\"has-large-font-size\"><strong>\u00c9v\u00e9nements<\/strong><\/p>\n\n\n\n<p class=\"has-text-color has-background has-link-color wp-elements-e9d203569c8a3be9608403fa9e4fbdfb\" style=\"color:#fb0202;background-color:#e9ffd5;font-size:28px\"><strong>Tous \u00e0 vos agendas. Brigitte nous informe que cette ann\u00e9e encore Pierre Alexandre accepte de nous accueillir pour notre pique-nique de fin de saison. La date retenue est le 18 juin 2026. <\/strong> <\/p>\n\n\n\n<p><\/p>\n\n\n\n<div class=\"wp-block-media-text is-stacked-on-mobile has-background\" style=\"background-color:#f4f8ea;grid-template-columns:41% auto\"><figure class=\"wp-block-media-text__media\"><a href=\"https:\/\/marchesprix.fr\/wp-content\/uploads\/2026\/03\/la-vie-de-bureau.jpg\"><img loading=\"lazy\" decoding=\"async\" width=\"709\" height=\"1024\" src=\"https:\/\/marchesprix.fr\/wp-content\/uploads\/2026\/03\/la-vie-de-bureau-709x1024.jpg\" alt=\"\" class=\"wp-image-5291 size-full\" srcset=\"https:\/\/marchesprix.fr\/wp-content\/uploads\/2026\/03\/la-vie-de-bureau-709x1024.jpg 709w, https:\/\/marchesprix.fr\/wp-content\/uploads\/2026\/03\/la-vie-de-bureau-208x300.jpg 208w, https:\/\/marchesprix.fr\/wp-content\/uploads\/2026\/03\/la-vie-de-bureau.jpg 720w\" sizes=\"auto, (max-width: 709px) 100vw, 709px\" \/><\/a><\/figure><div class=\"wp-block-media-text__content\">\n<div class=\"wp-block-group\"><div class=\"wp-block-group__inner-container is-layout-constrained wp-block-group-is-layout-constrained\">\n<p style=\"font-size:24px;font-style:normal;font-weight:700\">Notre ami Jean-Claude (D) marcheur \u00e9m\u00e9rite et acteur reconnu nous propose d&rsquo;assister \u00e0 la nouvelle pi\u00e8ce mont\u00e9e par la troupe de th\u00e9\u00e2tre FEP.<\/p>\n\n\n\n<p style=\"font-size:24px;font-style:normal;font-weight:700\">Notez les dates: 1er et 2 mai \u00e0 Prix-L\u00e8s-M\u00e9zi\u00e8res et 13 juin \u00e0 Vivier-au-Court.<\/p>\n\n\n\n<p style=\"font-size:24px;font-style:normal;font-weight:700\">Venez nombreux et entra\u00eenez vous pour les applaudissements. <\/p>\n\n\n\n<p style=\"font-size:24px;font-style:normal;font-weight:700\">Jean-Claude peut aussi se charger des r\u00e9servations.<\/p>\n\n\n\n<p><\/p>\n<\/div><\/div>\n<\/div><\/div>\n\n\n\n<p><\/p>\n\n\n\n<p><\/p>\n\n\n\n<div class=\"wp-block-media-text is-stacked-on-mobile has-background\" style=\"background-color:#fbf5f5\"><figure class=\"wp-block-media-text__media\"><a href=\"https:\/\/marchesprix.fr\/wp-content\/uploads\/2026\/02\/2026-04-26-flyer-marche-solidaire-Venezuela-Saint-Marceau--scaled.jpg\"><img loading=\"lazy\" decoding=\"async\" width=\"724\" height=\"1024\" src=\"https:\/\/marchesprix.fr\/wp-content\/uploads\/2026\/02\/2026-04-26-flyer-marche-solidaire-Venezuela-Saint-Marceau--724x1024.jpg\" alt=\"\" class=\"wp-image-4789 size-full\" srcset=\"https:\/\/marchesprix.fr\/wp-content\/uploads\/2026\/02\/2026-04-26-flyer-marche-solidaire-Venezuela-Saint-Marceau--724x1024.jpg 724w, https:\/\/marchesprix.fr\/wp-content\/uploads\/2026\/02\/2026-04-26-flyer-marche-solidaire-Venezuela-Saint-Marceau--212x300.jpg 212w, https:\/\/marchesprix.fr\/wp-content\/uploads\/2026\/02\/2026-04-26-flyer-marche-solidaire-Venezuela-Saint-Marceau--768x1086.jpg 768w, https:\/\/marchesprix.fr\/wp-content\/uploads\/2026\/02\/2026-04-26-flyer-marche-solidaire-Venezuela-Saint-Marceau--1086x1536.jpg 1086w, https:\/\/marchesprix.fr\/wp-content\/uploads\/2026\/02\/2026-04-26-flyer-marche-solidaire-Venezuela-Saint-Marceau--1448x2048.jpg 1448w, https:\/\/marchesprix.fr\/wp-content\/uploads\/2026\/02\/2026-04-26-flyer-marche-solidaire-Venezuela-Saint-Marceau--scaled.jpg 1811w\" sizes=\"auto, (max-width: 724px) 100vw, 724px\" \/><\/a><\/figure><div class=\"wp-block-media-text__content\">\n<p style=\"font-size:26px\"><strong>Notre amie Adeline nous transmet cette invitation pour une marche au b\u00e9n\u00e9fice de l&rsquo;association Colis Solidaires Venezuela qui aura lieu le dimanche 26 avril 2026 \u00e0 Saint Marceau.<\/strong><\/p>\n\n\n\n<p style=\"font-size:26px\"><strong>Venez nombreux.<\/strong><\/p>\n<\/div><\/div>\n\n\n\n<p><\/p>\n\n\n\n<div class=\"wp-block-group is-vertical is-layout-flex wp-container-core-group-is-layout-8cf370e7 wp-block-group-is-layout-flex\">\n<div class=\"wp-block-media-text is-stacked-on-mobile has-background\" style=\"background-color:#fad9d9\"><figure class=\"wp-block-media-text__media\"><a href=\"https:\/\/marchesprix.fr\/wp-content\/uploads\/2026\/01\/Flyer-Bourgeons-dArtiste-en-francais-scaled.jpg\"><img loading=\"lazy\" decoding=\"async\" width=\"724\" height=\"1024\" src=\"https:\/\/marchesprix.fr\/wp-content\/uploads\/2026\/01\/Flyer-Bourgeons-dArtiste-en-francais-724x1024.jpg\" alt=\"\" class=\"wp-image-4746 size-full\" srcset=\"https:\/\/marchesprix.fr\/wp-content\/uploads\/2026\/01\/Flyer-Bourgeons-dArtiste-en-francais-724x1024.jpg 724w, https:\/\/marchesprix.fr\/wp-content\/uploads\/2026\/01\/Flyer-Bourgeons-dArtiste-en-francais-212x300.jpg 212w, https:\/\/marchesprix.fr\/wp-content\/uploads\/2026\/01\/Flyer-Bourgeons-dArtiste-en-francais-768x1086.jpg 768w, https:\/\/marchesprix.fr\/wp-content\/uploads\/2026\/01\/Flyer-Bourgeons-dArtiste-en-francais-1086x1536.jpg 1086w, https:\/\/marchesprix.fr\/wp-content\/uploads\/2026\/01\/Flyer-Bourgeons-dArtiste-en-francais-1448x2048.jpg 1448w, https:\/\/marchesprix.fr\/wp-content\/uploads\/2026\/01\/Flyer-Bourgeons-dArtiste-en-francais-scaled.jpg 1811w\" sizes=\"auto, (max-width: 724px) 100vw, 724px\" \/><\/a><\/figure><div class=\"wp-block-media-text__content\">\n<p style=\"font-size:26px\"><strong>Notre amie Myriam nous propose des activit\u00e9s int\u00e9ressantes pour les nombreux artistes du groupe. Vous trouverez tous les d\u00e9tails dans le <\/strong><a href=\"https:\/\/marchesprix.fr\/wp-content\/uploads\/2026\/01\/Flyer-Bourgeons-dArtiste-en-francais.pdf\"><strong>flyer &lsquo;Bourgeons d&rsquo;artiste&rsquo;<\/strong><\/a><strong><a href=\"https:\/\/marchesprix.fr\/wp-content\/uploads\/2026\/01\/Flyer-Bourgeons-dArtiste-en-francais.pdf\"> <\/a><\/strong><strong><a href=\"https:\/\/marchesprix.fr\/wp-content\/uploads\/2026\/01\/Flyer-Bourgeons-dArtiste-en-francais.pdf\">ici<\/a>.<\/strong><\/p>\n\n\n\n<p style=\"font-size:25px\"><strong>Pour vous inscrire, le <a href=\"https:\/\/marchesprix.fr\/wp-content\/uploads\/2026\/04\/Formulaire-dinscription-Bourgeons-dArtiste.pdf\">formulaire est ici<\/a>.<\/strong><\/p>\n<\/div><\/div>\n\n\n\n<p><\/p>\n<\/div>\n\n\n\n<div class=\"wp-block-media-text is-stacked-on-mobile has-background\" style=\"background-color:#ebdada\"><figure class=\"wp-block-media-text__media\"><a href=\"https:\/\/marchesprix.fr\/wp-content\/uploads\/2025\/11\/couverture.jpg\"><img loading=\"lazy\" decoding=\"async\" width=\"1024\" height=\"765\" src=\"https:\/\/marchesprix.fr\/wp-content\/uploads\/2025\/11\/couverture-1024x765.jpg\" alt=\"\" class=\"wp-image-3946 size-full\" srcset=\"https:\/\/marchesprix.fr\/wp-content\/uploads\/2025\/11\/couverture-1024x765.jpg 1024w, https:\/\/marchesprix.fr\/wp-content\/uploads\/2025\/11\/couverture-300x224.jpg 300w, https:\/\/marchesprix.fr\/wp-content\/uploads\/2025\/11\/couverture-768x573.jpg 768w, https:\/\/marchesprix.fr\/wp-content\/uploads\/2025\/11\/couverture-1536x1147.jpg 1536w, https:\/\/marchesprix.fr\/wp-content\/uploads\/2025\/11\/couverture.jpg 1610w\" sizes=\"auto, (max-width: 1024px) 100vw, 1024px\" \/><\/a><\/figure><div class=\"wp-block-media-text__content\">\n<div class=\"wp-block-group is-vertical is-layout-flex wp-container-core-group-is-layout-8cf370e7 wp-block-group-is-layout-flex\">\n<p style=\"font-size:23px;font-style:normal;font-weight:700\">Notre ami Pascal nous pr\u00e9sente un ouvrage tr\u00e8s int\u00e9ressant sur les artisans ardennais, dont il est co-auteur. Vous trouverez <a href=\"https:\/\/marchesprix.fr\/wp-content\/uploads\/2025\/11\/Capture-decran-2025-11-26-142558.jpg\">ici<\/a> le <a href=\"https:\/\/marchesprix.fr\/wp-content\/uploads\/2025\/11\/Capture-decran-2025-11-26-142558.jpg\">sommaire<\/a> qui permet de bien appr\u00e9cier le contenu du livre. Les 17 artisans sont des Ardennes et un seul de G\u00e9rardmer, qui a \u00e9t\u00e9 inclus car il utilise un d\u00e9partoir avec un maillet pour faire des bardeaux.<\/p>\n\n\n\n<p style=\"font-size:23px;font-style:normal;font-weight:700\">Il y a 216 pages, 227 photos et 219 outils photographi\u00e9s, le prix est de 25 euros, r\u00e9glement en ch\u00e8que \u00e0 l&rsquo;ordre de Terres Ardennaises ou en monnaie si c&rsquo;est juste.<\/p>\n\n\n\n<p style=\"font-size:23px;font-style:normal;font-weight:700\">Pascal nous am\u00e8nera  des exemplaires plut\u00f4t le mardi, et le jeudi quand c&rsquo;est possible si cela arrange des personnes.<\/p>\n<\/div>\n\n\n\n<p><\/p>\n<\/div><\/div>\n\n\n\n<p><\/p>\n\n\n\n<p><\/p>\n\n\n\n<p><\/p>\n\n\n\n<p style=\"font-size:20px\"><strong>Nouvelles photos ( 3\u00e8me trimestre 2025 et d\u00e9but de la saison 2025-2026 ) par Brigitte dans les onglets <a href=\"https:\/\/marchesprix.fr\/index.php\/saison-2024-2025\/\" data-type=\"page\" data-id=\"2231\">saison 2024-2025<\/a> et <a href=\"https:\/\/marchesprix.fr\/index.php\/saison-2025-2026\/\" data-type=\"page\" data-id=\"4032\">saison 2025-2026<\/a>. Gr\u00e2ce \u00e0 Patrick et Pascal, vous trouverez des images de nos aventures \u00e0 Saint Chaffrey (onglet <a href=\"https:\/\/marchesprix.fr\/index.php\/saint-chaffrey-2025\/\" data-type=\"page\" data-id=\"4443\">Saint Chaffrey 2025<\/a>) ainsi qu&rsquo;un <a href=\"https:\/\/marchesprix.fr\/wp-content\/uploads\/2025\/11\/groupe-zen.pdf\">r\u00e9sum\u00e9 des activit\u00e9s du groupe Zen<\/a> pr\u00e9par\u00e9 par Pascal (<a href=\"https:\/\/marchesprix.fr\/wp-content\/uploads\/2025\/11\/groupe-zen.pdf\">ici<\/a>).<\/strong> <strong>D&rsquo;autres photos de diff\u00e9rents contributeurs \u00e0 venir prochainement<\/strong>. <strong>Ne manquez pas les photos (par Jean-Fran\u00e7ois) de la premi\u00e8re randonn\u00e9e 2026, dans la neige.<\/strong><\/p>\n\n\n\n<p><\/p>\n<\/div>\n\n\n\n<p><\/p>\n\n\n\n<p><\/p>\n\n\n\n<div class=\"wp-block-group has-background is-vertical is-content-justification-left is-layout-flex wp-container-core-group-is-layout-c0ca7d81 wp-block-group-is-layout-flex\" style=\"background-color:#d8f1f3\">\n<h2 class=\"wp-block-heading\">Inscriptions et administratif<\/h2>\n<\/div>\n\n\n\n<p><\/p>\n\n\n\n<p><\/p>\n\n\n\n<p><\/p>\n\n\n\n<p><\/p>\n\n\n\n<p><\/p>\n\n\n\n<p><\/p>\n","protected":false},"excerpt":{"rendered":"<p>Pour consulter le site du FEP https:\/\/fep-plm.fr Pour envoyer un message \u00e0 l\u2019administrateur du site contact@marchesprix.fr Mise \u00e0 jour du 22 avril \u00e0 11h00. Randonn\u00e9es Pour les marches FEP le rendez-vous est fix\u00e9 \u00e0 13h30. Le d\u00e9part de la randonn\u00e9e est \u00e0 13h45 et les retardataires ne seront jamais attendus. Veuillez consulter le site r\u00e9guli\u00e8rement,&#8230;<\/p>\n","protected":false},"author":1,"featured_media":0,"parent":0,"menu_order":1,"comment_status":"closed","ping_status":"closed","template":"","meta":{"_kadence_starter_templates_imported_post":false,"_kad_post_transparent":"","_kad_post_title":"","_kad_post_layout":"","_kad_post_sidebar_id":"","_kad_post_content_style":"","_kad_post_vertical_padding":"","_kad_post_feature":"","_kad_post_feature_position":"","_kad_post_header":false,"_kad_post_footer":false,"_kad_post_classname":"","footnotes":""},"class_list":["post-94","page","type-page","status-publish","hentry"],"_links":{"self":[{"href":"https:\/\/marchesprix.fr\/index.php\/wp-json\/wp\/v2\/pages\/94","targetHints":{"allow":["GET"]}}],"collection":[{"href":"https:\/\/marchesprix.fr\/index.php\/wp-json\/wp\/v2\/pages"}],"about":[{"href":"https:\/\/marchesprix.fr\/index.php\/wp-json\/wp\/v2\/types\/page"}],"author":[{"embeddable":true,"href":"https:\/\/marchesprix.fr\/index.php\/wp-json\/wp\/v2\/users\/1"}],"replies":[{"embeddable":true,"href":"https:\/\/marchesprix.fr\/index.php\/wp-json\/wp\/v2\/comments?post=94"}],"version-history":[{"count":513,"href":"https:\/\/marchesprix.fr\/index.php\/wp-json\/wp\/v2\/pages\/94\/revisions"}],"predecessor-version":[{"id":5344,"href":"https:\/\/marchesprix.fr\/index.php\/wp-json\/wp\/v2\/pages\/94\/revisions\/5344"}],"wp:attachment":[{"href":"https:\/\/marchesprix.fr\/index.php\/wp-json\/wp\/v2\/media?parent=94"}],"curies":[{"name":"wp","href":"https:\/\/api.w.org\/{rel}","templated":true}]}}